{"id":3843,"date":"2022-06-27T22:08:00","date_gmt":"2022-06-28T03:08:00","guid":{"rendered":"https:\/\/www.greenpedaltours.com\/?page_id=3843"},"modified":"2022-09-18T21:17:02","modified_gmt":"2022-09-19T02:17:02","slug":"preguntas-frecuentes","status":"publish","type":"page","link":"https:\/\/www.greenpedaltours.com\/es\/preguntas-frecuentes\/","title":{"rendered":"Preguntas frecuentes"},"content":{"rendered":"\t\t<div data-elementor-type=\"wp-page\" data-elementor-id=\"3843\" class=\"elementor elementor-3843\">\n\t\t\t\t\t\t<section class=\"elementor-section elementor-top-section elementor-element elementor-element-1e24f7e0 elementor-section-boxed elementor-section-height-default elementor-section-height-default\" data-id=\"1e24f7e0\" data-element_type=\"section\" data-e-type=\"section\" data-settings=\"{&quot;background_background&quot;:&quot;classic&quot;}\">\n\t\t\t\t\t\t\t<div class=\"elementor-background-overlay\"><\/div>\n\t\t\t\t\t\t\t<div class=\"elementor-container elementor-column-gap-default\">\n\t\t\t\t\t<div class=\"elementor-column elementor-col-100 elementor-top-column elementor-element elementor-element-251d18af\" data-id=\"251d18af\" data-element_type=\"column\" data-e-type=\"column\">\n\t\t\t<div class=\"elementor-widget-wrap elementor-element-populated\">\n\t\t\t\t\t\t<div class=\"elementor-element elementor-element-454bbf2d elementor-invisible elementor-widget elementor-widget-heading\" data-id=\"454bbf2d\" data-element_type=\"widget\" data-e-type=\"widget\" data-settings=\"{&quot;_animation&quot;:&quot;fadeIn&quot;}\" data-widget_type=\"heading.default\">\n\t\t\t\t<div class=\"elementor-widget-container\">\n\t\t\t\t\t<h2 class=\"elementor-heading-title elementor-size-default\">Todo lo que necesita saber antes de ir<\/h2>\t\t\t\t<\/div>\n\t\t\t\t<\/div>\n\t\t\t\t<div class=\"elementor-element elementor-element-6d96a547 elementor-widget-divider--view-line elementor-invisible elementor-widget elementor-widget-divider\" data-id=\"6d96a547\" data-element_type=\"widget\" data-e-type=\"widget\" data-settings=\"{&quot;_animation&quot;:&quot;fadeIn&quot;,&quot;_animation_delay&quot;:100}\" data-widget_type=\"divider.default\">\n\t\t\t\t<div class=\"elementor-widget-container\">\n\t\t\t\t\t\t\t<div class=\"elementor-divider\">\n\t\t\t<span class=\"elementor-divider-separator\">\n\t\t\t\t\t\t<\/span>\n\t\t<\/div>\n\t\t\t\t\t\t<\/div>\n\t\t\t\t<\/div>\n\t\t\t\t<div class=\"elementor-element elementor-element-43b6631a animated-fast elementor-invisible elementor-widget elementor-widget-heading\" data-id=\"43b6631a\" data-element_type=\"widget\" data-e-type=\"widget\" data-settings=\"{&quot;_animation&quot;:&quot;fadeInUp&quot;}\" data-widget_type=\"heading.default\">\n\t\t\t\t<div class=\"elementor-widget-container\">\n\t\t\t\t\t<h1 class=\"elementor-heading-title elementor-size-default\">FAQs<\/h1>\t\t\t\t<\/div>\n\t\t\t\t<\/div>\n\t\t\t\t\t<\/div>\n\t\t<\/div>\n\t\t\t\t\t<\/div>\n\t\t<\/section>\n\t\t\t\t<section class=\"elementor-section elementor-top-section elementor-element elementor-element-5041cde5 elementor-section-content-middle elementor-section-boxed elementor-section-height-default elementor-section-height-default\" data-id=\"5041cde5\" data-element_type=\"section\" data-e-type=\"section\" data-settings=\"{&quot;background_background&quot;:&quot;classic&quot;}\">\n\t\t\t\t\t\t<div class=\"elementor-container elementor-column-gap-no\">\n\t\t\t\t\t<div class=\"elementor-column elementor-col-100 elementor-top-column elementor-element elementor-element-7130b59\" data-id=\"7130b59\" data-element_type=\"column\" data-e-type=\"column\">\n\t\t\t<div class=\"elementor-widget-wrap elementor-element-populated\">\n\t\t\t\t\t\t<div class=\"elementor-element elementor-element-3ac3224e elementor-widget elementor-widget-heading\" data-id=\"3ac3224e\" data-element_type=\"widget\" data-e-type=\"widget\" data-widget_type=\"heading.default\">\n\t\t\t\t<div class=\"elementor-widget-container\">\n\t\t\t\t\t<h1 class=\"elementor-heading-title elementor-size-default\">Preguntas y respuestas frecuentes<\/h1>\t\t\t\t<\/div>\n\t\t\t\t<\/div>\n\t\t\t\t<section class=\"elementor-section elementor-inner-section elementor-element elementor-element-3fd2b716 elementor-section-content-middle elementor-section-boxed elementor-section-height-default elementor-section-height-default\" data-id=\"3fd2b716\" data-element_type=\"section\" data-e-type=\"section\">\n\t\t\t\t\t\t<div class=\"elementor-container elementor-column-gap-default\">\n\t\t\t\t\t<div class=\"elementor-column elementor-col-50 elementor-inner-column elementor-element elementor-element-4005439a\" data-id=\"4005439a\" data-element_type=\"column\" data-e-type=\"column\" data-settings=\"{&quot;background_background&quot;:&quot;classic&quot;}\">\n\t\t\t<div class=\"elementor-widget-wrap elementor-element-populated\">\n\t\t\t\t\t\t<div class=\"elementor-element elementor-element-063cadb elementor-widget elementor-widget-heading\" data-id=\"063cadb\" data-element_type=\"widget\" data-e-type=\"widget\" data-widget_type=\"heading.default\">\n\t\t\t\t<div class=\"elementor-widget-container\">\n\t\t\t\t\t<h3 class=\"elementor-heading-title elementor-size-default\">Sobre Colombia<\/h3>\t\t\t\t<\/div>\n\t\t\t\t<\/div>\n\t\t\t\t<div class=\"elementor-element elementor-element-0e311de elementor-widget elementor-widget-eael-adv-accordion\" data-id=\"0e311de\" data-element_type=\"widget\" data-e-type=\"widget\" data-widget_type=\"eael-adv-accordion.default\">\n\t\t\t\t<div class=\"elementor-widget-container\">\n\t\t\t\t\t            <div class=\"eael-adv-accordion\" id=\"eael-adv-accordion-0e311de\" data-scroll-on-click=\"no\" data-scroll-speed=\"300\" data-accordion-id=\"0e311de\" data-accordion-type=\"accordion\" data-toogle-speed=\"300\">\n            <div class=\"eael-accordion-list\">\n\t\t\t\t\t<div id=\"visas-pasaportes\" class=\"elementor-tab-title eael-accordion-header\" tabindex=\"0\" data-tab=\"1\" aria-controls=\"elementor-tab-content-1481\"><span class=\"eael-accordion-tab-title\">Visas &amp; pasaportes<\/span><i aria-hidden=\"true\" class=\"fa-toggle fas fa-biking\"><\/i><\/div><div id=\"elementor-tab-content-1481\" class=\"eael-accordion-content clearfix\" data-tab=\"1\" aria-labelledby=\"visas-pasaportes\"><p>Debes tener un pasaporte v\u00e1lido. Los pasaportes deben tener una validez m\u00ednima de 6 meses despu\u00e9s de la fecha de regreso.<\/p><p>Los ciudadanos del Reino Unido y de la mayor\u00eda de los pa\u00edses europeos, as\u00ed como los australianos, neozelandeses, estadounidenses y canadienses, no necesitan visado y recibir\u00e1n un permiso de entrada de 90 d\u00edas a su llegada.<\/p><p>Es su responsabilidad tramitar los visados antes de la salida si fuese necesario.<\/p><\/div>\n\t\t\t\t\t<\/div><div class=\"eael-accordion-list\">\n\t\t\t\t\t<div id=\"clima\" class=\"elementor-tab-title eael-accordion-header\" tabindex=\"0\" data-tab=\"2\" aria-controls=\"elementor-tab-content-1482\"><span class=\"eael-accordion-tab-title\">Clima<\/span><i aria-hidden=\"true\" class=\"fa-toggle fas fa-biking\"><\/i><\/div><div id=\"elementor-tab-content-1482\" class=\"eael-accordion-content clearfix\" data-tab=\"2\" aria-labelledby=\"clima\"><p>El 90% del territorio colombiano se encuentra al norte de la l\u00ednea ecuatorial, con el departamento del Amazonas al sur. Aunque el territorio se encuentra en su totalidad en la Zona Intertropical, los climas de las distintas regiones var\u00edan considerablemente gracias a las diferentes altitudes.<\/p><\/div>\n\t\t\t\t\t<\/div><div class=\"eael-accordion-list\">\n\t\t\t\t\t<div id=\"alimentos-bebidas\" class=\"elementor-tab-title eael-accordion-header\" tabindex=\"0\" data-tab=\"3\" aria-controls=\"elementor-tab-content-1483\"><span class=\"eael-accordion-tab-title\">Alimentos &amp; bebidas<\/span><i aria-hidden=\"true\" class=\"fa-toggle fas fa-biking\"><\/i><\/div><div id=\"elementor-tab-content-1483\" class=\"eael-accordion-content clearfix\" data-tab=\"3\" aria-labelledby=\"alimentos-bebidas\"><p>Las 3 comidas est\u00e1n incluidas en el precio del tour, as\u00ed como el agua y las frutas durante el mismo. Si tienes una dieta especial, inf\u00f3rmanos en el momento de la reserva.\u00a0<\/p><p>La comida colombiana se basa en carne y frituras, y mucha fruta, pero podemos acomodar a los vegetarianos. El desayuno se considera una comida importante en Colombia e incluye zumo de frutas, caf\u00e9 o chocolate caliente, fruta, huevos y pan. En las zonas rurales, el almuerzo (que se sirve entre las 12 y las 16 horas, suele ser la comida principal del d\u00eda). Una comida tradicional colombiana comienza con una sopa, seguida de un plato principal, una bebida y a veces un postre, normalmente muy dulce. La cena es m\u00e1s ligera. Evidentemente, teniendo en cuenta los esfuerzos realizados, se adaptar\u00e1n y se compensar\u00e1n las calor\u00edas gastadas.<\/p><\/div>\n\t\t\t\t\t<\/div><\/div>\t\t\t\t<\/div>\n\t\t\t\t<\/div>\n\t\t\t\t\t<\/div>\n\t\t<\/div>\n\t\t\t\t<div class=\"elementor-column elementor-col-50 elementor-inner-column elementor-element elementor-element-5294792\" data-id=\"5294792\" data-element_type=\"column\" data-e-type=\"column\" data-settings=\"{&quot;background_background&quot;:&quot;classic&quot;}\">\n\t\t\t<div class=\"elementor-widget-wrap elementor-element-populated\">\n\t\t\t\t\t\t<div class=\"elementor-element elementor-element-3f6294a elementor-widget elementor-widget-heading\" data-id=\"3f6294a\" data-element_type=\"widget\" data-e-type=\"widget\" data-widget_type=\"heading.default\">\n\t\t\t\t<div class=\"elementor-widget-container\">\n\t\t\t\t\t<h3 class=\"elementor-heading-title elementor-size-default\">Salud<\/h3>\t\t\t\t<\/div>\n\t\t\t\t<\/div>\n\t\t\t\t<div class=\"elementor-element elementor-element-dbe1de7 elementor-widget elementor-widget-eael-adv-accordion\" data-id=\"dbe1de7\" data-element_type=\"widget\" data-e-type=\"widget\" data-widget_type=\"eael-adv-accordion.default\">\n\t\t\t\t<div class=\"elementor-widget-container\">\n\t\t\t\t\t            <div class=\"eael-adv-accordion\" id=\"eael-adv-accordion-dbe1de7\" data-scroll-on-click=\"no\" data-scroll-speed=\"300\" data-accordion-id=\"dbe1de7\" data-accordion-type=\"accordion\" data-toogle-speed=\"300\">\n            <div class=\"eael-accordion-list\">\n\t\t\t\t\t<div id=\"generalidad\" class=\"elementor-tab-title eael-accordion-header\" tabindex=\"0\" data-tab=\"1\" aria-controls=\"elementor-tab-content-2301\"><span class=\"eael-accordion-tab-title\">Generalidad<\/span><i aria-hidden=\"true\" class=\"fa-toggle fas fa-biking\"><\/i><\/div><div id=\"elementor-tab-content-2301\" class=\"eael-accordion-content clearfix\" data-tab=\"1\" aria-labelledby=\"generalidad\"><p>Te recomendamos ponerte en contacto con tu m\u00e9dico para que valore tu estado de salud y posibles necesidades especiales.<\/p><\/div>\n\t\t\t\t\t<\/div><div class=\"eael-accordion-list\">\n\t\t\t\t\t<div id=\"covid\" class=\"elementor-tab-title eael-accordion-header\" tabindex=\"0\" data-tab=\"2\" aria-controls=\"elementor-tab-content-2302\"><span class=\"eael-accordion-tab-title\">Covid<\/span><i aria-hidden=\"true\" class=\"fa-toggle fas fa-biking\"><\/i><\/div><div id=\"elementor-tab-content-2302\" class=\"eael-accordion-content clearfix\" data-tab=\"2\" aria-labelledby=\"covid\"><p>La existencia del Covid-19 a\u00f1ade una serie de nuevos protocolos de seguridad a nuestras pr\u00e1cticas actuales, y aunque no podemos eliminar todos los riesgos, podemos reducirlos significativamente estableciendo protocolos de higiene y distancia f\u00edsica.<\/p><p>Se exigir\u00e1 una prueba de PCR de Covid negativa o la vacunaci\u00f3n para participar en nuestras excursiones.<\/p><p>Esto es para aumentar tu seguridad, la de todos los participantes del tour y especialmente de las poblaciones locales a lo largo de la ruta.<\/p><\/div>\n\t\t\t\t\t<\/div><div class=\"eael-accordion-list\">\n\t\t\t\t\t<div id=\"seguro\" class=\"elementor-tab-title eael-accordion-header\" tabindex=\"0\" data-tab=\"3\" aria-controls=\"elementor-tab-content-2303\"><span class=\"eael-accordion-tab-title\">Seguro<\/span><i aria-hidden=\"true\" class=\"fa-toggle fas fa-biking\"><\/i><\/div><div id=\"elementor-tab-content-2303\" class=\"eael-accordion-content clearfix\" data-tab=\"3\" aria-labelledby=\"seguro\"><p>Es obligatorio portar un seguro que cubra toda tu estancia durante todo el viaje para garantizar tu tranquilidad y comodidad, como lo har\u00edas viajando al extranjero.\u00a0<\/p><\/div>\n\t\t\t\t\t<\/div><\/div>\t\t\t\t<\/div>\n\t\t\t\t<\/div>\n\t\t\t\t\t<\/div>\n\t\t<\/div>\n\t\t\t\t\t<\/div>\n\t\t<\/section>\n\t\t\t\t<section class=\"elementor-section elementor-inner-section elementor-element elementor-element-d4f4e42 elementor-section-content-middle elementor-section-boxed elementor-section-height-default elementor-section-height-default\" data-id=\"d4f4e42\" data-element_type=\"section\" data-e-type=\"section\">\n\t\t\t\t\t\t<div class=\"elementor-container elementor-column-gap-default\">\n\t\t\t\t\t<div class=\"elementor-column elementor-col-100 elementor-inner-column elementor-element elementor-element-c757655\" data-id=\"c757655\" data-element_type=\"column\" data-e-type=\"column\" data-settings=\"{&quot;background_background&quot;:&quot;classic&quot;}\">\n\t\t\t<div class=\"elementor-widget-wrap elementor-element-populated\">\n\t\t\t\t\t\t<div class=\"elementor-element elementor-element-0f2cfea elementor-widget elementor-widget-heading\" data-id=\"0f2cfea\" data-element_type=\"widget\" data-e-type=\"widget\" data-widget_type=\"heading.default\">\n\t\t\t\t<div class=\"elementor-widget-container\">\n\t\t\t\t\t<h3 class=\"elementor-heading-title elementor-size-default\">Sobre las excursiones<\/h3>\t\t\t\t<\/div>\n\t\t\t\t<\/div>\n\t\t\t\t<div class=\"elementor-element elementor-element-b522d32 elementor-widget elementor-widget-eael-adv-accordion\" data-id=\"b522d32\" data-element_type=\"widget\" data-e-type=\"widget\" data-widget_type=\"eael-adv-accordion.default\">\n\t\t\t\t<div class=\"elementor-widget-container\">\n\t\t\t\t\t            <div class=\"eael-adv-accordion\" id=\"eael-adv-accordion-b522d32\" data-scroll-on-click=\"no\" data-scroll-speed=\"300\" data-accordion-id=\"b522d32\" data-accordion-type=\"accordion\" data-toogle-speed=\"300\">\n            <div class=\"eael-accordion-list\">\n\t\t\t\t\t<div id=\"departure\" class=\"elementor-tab-title eael-accordion-header\" tabindex=\"0\" data-tab=\"1\" aria-controls=\"elementor-tab-content-1891\"><span class=\"eael-accordion-tab-title\">Departure<\/span><i aria-hidden=\"true\" class=\"fa-toggle fas fa-biking\"><\/i><\/div><div id=\"elementor-tab-content-1891\" class=\"eael-accordion-content clearfix\" data-tab=\"1\" aria-labelledby=\"departure\"><p>Nuestras vacaciones en bicicleta comienzan en Medell\u00edn y partimos para cada tour el lunes. Somos conscientes de que la gente se une a Green Pedal Tours desde todo el mundo. Es recomendable llegar el fin de semana anterior al tour para aclimatarse a la altitud de la regi\u00f3n y tambi\u00e9n para establecer los primeros contactos con el grupo y los gu\u00edas.<\/p><\/div>\n\t\t\t\t\t<\/div><div class=\"eael-accordion-list\">\n\t\t\t\t\t<div id=\"tipos-de-ciclistas\" class=\"elementor-tab-title eael-accordion-header\" tabindex=\"0\" data-tab=\"2\" aria-controls=\"elementor-tab-content-1892\"><span class=\"eael-accordion-tab-title\">Tipos de ciclistas<\/span><i aria-hidden=\"true\" class=\"fa-toggle fas fa-biking\"><\/i><\/div><div id=\"elementor-tab-content-1892\" class=\"eael-accordion-content clearfix\" data-tab=\"2\" aria-labelledby=\"tipos-de-ciclistas\"><p>Participantes en solitario, parejas, amigos y hermanos con diferentes niveles de experiencia y forma f\u00edsica en el ciclismo.<\/p><\/div>\n\t\t\t\t\t<\/div><div class=\"eael-accordion-list\">\n\t\t\t\t\t<div id=\"equipamiento-esencial\" class=\"elementor-tab-title eael-accordion-header\" tabindex=\"0\" data-tab=\"3\" aria-controls=\"elementor-tab-content-1893\"><span class=\"eael-accordion-tab-title\">Equipamiento esencial<\/span><i aria-hidden=\"true\" class=\"fa-toggle fas fa-biking\"><\/i><\/div><div id=\"elementor-tab-content-1893\" class=\"eael-accordion-content clearfix\" data-tab=\"3\" aria-labelledby=\"equipamiento-esencial\"><ul><li>Repelente de insectos<br \/>Jab\u00f3n de manos antibacteriano<br \/>Protector solar<br \/>Gafas de sol<br \/>Tiritas (vendas)<br \/>Toallitas h\u00famedas antis\u00e9pticas<br \/>Sales de rehidrataci\u00f3n (dioralito)<\/li><\/ul><\/div>\n\t\t\t\t\t<\/div><div class=\"eael-accordion-list\">\n\t\t\t\t\t<div id=\"seguro\" class=\"elementor-tab-title eael-accordion-header\" tabindex=\"0\" data-tab=\"4\" aria-controls=\"elementor-tab-content-1894\"><span class=\"eael-accordion-tab-title\">Seguro<\/span><i aria-hidden=\"true\" class=\"fa-toggle fas fa-biking\"><\/i><\/div><div id=\"elementor-tab-content-1894\" class=\"eael-accordion-content clearfix\" data-tab=\"4\" aria-labelledby=\"seguro\"><p>Es obligatorio portar un seguro que cubra toda tu estancia durante todo el viaje para garantizar tu tranquilidad y comodidad, como lo har\u00edas viajando al extranjero.<\/p><\/div>\n\t\t\t\t\t<\/div><div class=\"eael-accordion-list\">\n\t\t\t\t\t<div id=\"alojamientos\" class=\"elementor-tab-title eael-accordion-header\" tabindex=\"0\" data-tab=\"5\" aria-controls=\"elementor-tab-content-1895\"><span class=\"eael-accordion-tab-title\">Alojamientos<\/span><i aria-hidden=\"true\" class=\"fa-toggle fas fa-biking\"><\/i><\/div><div id=\"elementor-tab-content-1895\" class=\"eael-accordion-content clearfix\" data-tab=\"5\" aria-labelledby=\"alojamientos\"><p>El alojamiento se elige por su comodidad y autenticidad. Incluso, algunos hoteles disponen de piscina. Se reservan exclusivamente habitaciones individuales. Si deseas compartir, por favor mencionarlo durante el proceso de reserva.<\/p><\/div>\n\t\t\t\t\t<\/div><div class=\"eael-accordion-list\">\n\t\t\t\t\t<div id=\"bicicleta\" class=\"elementor-tab-title eael-accordion-header\" tabindex=\"0\" data-tab=\"6\" aria-controls=\"elementor-tab-content-1896\"><span class=\"eael-accordion-tab-title\">Bicicleta<\/span><i aria-hidden=\"true\" class=\"fa-toggle fas fa-biking\"><\/i><\/div><div id=\"elementor-tab-content-1896\" class=\"eael-accordion-content clearfix\" data-tab=\"6\" aria-labelledby=\"bicicleta\"><p><b>Green Pedal Tours<\/b><span style=\"font-weight: 400\"> te ofrece una bicicleta que satisface tus necesidades en todos los aspectos. Tenemos bicicletas acordes a tu talla y un equipamiento que te garantice un buen rendimiento durante el recorrido: cuadro de aluminio, kit de transmisi\u00f3n Shimano de 9 velocidades, neum\u00e1ticos todo terreno y sillines c\u00f3modos, son algunas de las caracter\u00edsticas de nuestras bicicletas.\u00a0 Sin olvidar que despu\u00e9s de cada recorrido realizado son revisadas para mantenerlas en perfecto estado.<\/span><\/p><p>Sin embargo, puedes traerte tu propia bicicleta o incluso conseguir la de tus gustos ac\u00e1 en <strong>Colombia.<\/strong> <strong>Green Pedal Tours<\/strong> estar\u00e1 encantado de asesorarte.<\/p><\/div>\n\t\t\t\t\t<\/div><div class=\"eael-accordion-list\">\n\t\t\t\t\t<div id=\"-qu-incluye\" class=\"elementor-tab-title eael-accordion-header\" tabindex=\"0\" data-tab=\"7\" aria-controls=\"elementor-tab-content-1897\"><span class=\"eael-accordion-tab-title\"> \u00bfQu\u00e9 incluye?<\/span><i aria-hidden=\"true\" class=\"fa-toggle fas fa-biking\"><\/i><\/div><div id=\"elementor-tab-content-1897\" class=\"eael-accordion-content clearfix\" data-tab=\"7\" aria-labelledby=\"-qu-incluye\"><ul><li>Traslado Aeropuerto de Medell\u00edn Hotel<br \/>Alojamiento en hotel con pensi\u00f3n completa incluyendo 3 comidas al d\u00eda.<\/li><li>Alquiler de una bicicleta\u00a0<br \/>Paseos guiados, apoyados totalmente biling\u00fces en bicicleta con carros de apoyo con ruedas de repuesto y soporte mec\u00e1nico y transporte de sus pertenencias personales durante todo el viaje. (Posibilidad de subirse al coche si se siente cansado)<br \/>Talleres y encuentros con la poblaci\u00f3n local por la tarde (o descanso en la piscina o hoteles por los que desean)<br \/>Frutas y agua durante el recorrido<br \/>Litros y litros de aire fresco<br \/>Verde, mucho verde para relajar el esp\u00edritu<br \/>Sol para formar vitamina D en la piel y fijar el calcio y el f\u00f3sforo en tus huesos<\/li><\/ul><\/div>\n\t\t\t\t\t<\/div><div class=\"eael-accordion-list\">\n\t\t\t\t\t<div id=\"fechas-precios\" class=\"elementor-tab-title eael-accordion-header\" tabindex=\"0\" data-tab=\"8\" aria-controls=\"elementor-tab-content-1898\"><span class=\"eael-accordion-tab-title\">Fechas &amp; precios<\/span><i aria-hidden=\"true\" class=\"fa-toggle fas fa-biking\"><\/i><\/div><div id=\"elementor-tab-content-1898\" class=\"eael-accordion-content clearfix\" data-tab=\"8\" aria-labelledby=\"fechas-precios\"><p>Para reservar tu viaje, necesitamos un dep\u00f3sito de USD 200 por persona para una larga excursi\u00f3n<\/p><\/div>\n\t\t\t\t\t<\/div><div class=\"eael-accordion-list\">\n\t\t\t\t\t<div id=\"-trminos-y-condiciones\" class=\"elementor-tab-title eael-accordion-header\" tabindex=\"0\" data-tab=\"9\" aria-controls=\"elementor-tab-content-1899\"><span class=\"eael-accordion-tab-title\"> T\u00e9rminos y condiciones<\/span><i aria-hidden=\"true\" class=\"fa-toggle fas fa-biking\"><\/i><\/div><div id=\"elementor-tab-content-1899\" class=\"eael-accordion-content clearfix\" data-tab=\"9\" aria-labelledby=\"-trminos-y-condiciones\"><p>Al inscribirte y participar en estos viajes de cicloturismo,\u00a0 aceptas todas las condiciones de esta actividad. Adem\u00e1s, la admites y declaras haber le\u00eddo toda la informaci\u00f3n disponible.<\/p><\/div>\n\t\t\t\t\t<\/div><\/div>\t\t\t\t<\/div>\n\t\t\t\t<\/div>\n\t\t\t\t\t<\/div>\n\t\t<\/div>\n\t\t\t\t\t<\/div>\n\t\t<\/section>\n\t\t\t\t\t<\/div>\n\t\t<\/div>\n\t\t\t\t\t<\/div>\n\t\t<\/section>\n\t\t\t\t<\/div>\n\t\t","protected":false},"excerpt":{"rendered":"<p>Todo lo que necesita saber antes de ir FAQs Preguntas y respuestas frecuentes Sobre Colombia Visas &amp; pasaportes Debes tener un pasaporte v\u00e1lido. Los pasaportes deben tener una validez m\u00ednima de 6 meses despu\u00e9s de la fecha de regreso. Los ciudadanos del Reino Unido y de la mayor\u00eda de los pa\u00edses europeos, as\u00ed como los [&hellip;]<\/p>\n","protected":false},"author":1,"featured_media":0,"parent":0,"menu_order":0,"comment_status":"closed","ping_status":"closed","template":"","meta":{"site-sidebar-layout":"no-sidebar","site-content-layout":"page-builder","ast-site-content-layout":"default","site-content-style":"default","site-sidebar-style":"default","ast-global-header-display":"","ast-banner-title-visibility":"","ast-main-header-display":"","ast-hfb-above-header-display":"","ast-hfb-below-header-display":"","ast-hfb-mobile-header-display":"","site-post-title":"disabled","ast-breadcrumbs-content":"","ast-featured-img":"disabled","footer-sml-layout":"","ast-disable-related-posts":"","theme-transparent-header-meta":"","adv-header-id-meta":"","stick-header-meta":"","header-above-stick-meta":"","header-main-stick-meta":"","header-below-stick-meta":"","astra-migrate-meta-layouts":"default","ast-page-background-enabled":"default","ast-page-background-meta":{"desktop":{"background-color":"","background-image":"","background-repeat":"repeat","background-position":"center center","background-size":"auto","background-attachment":"scroll","background-type":"","background-media":"","overlay-type":"","overlay-color":"","overlay-opacity":"","overlay-gradient":""},"tablet":{"background-color":"","background-image":"","background-repeat":"repeat","background-position":"center center","background-size":"auto","background-attachment":"scroll","background-type":"","background-media":"","overlay-type":"","overlay-color":"","overlay-opacity":"","overlay-gradient":""},"mobile":{"background-color":"","background-image":"","background-repeat":"repeat","background-position":"center center","background-size":"auto","background-attachment":"scroll","background-type":"","background-media":"","overlay-type":"","overlay-color":"","overlay-opacity":"","overlay-gradient":""}},"ast-content-background-meta":{"desktop":{"background-color":"var(--ast-global-color-5)","background-image":"","background-repeat":"repeat","background-position":"center center","background-size":"auto","background-attachment":"scroll","background-type":"","background-media":"","overlay-type":"","overlay-color":"","overlay-opacity":"","overlay-gradient":""},"tablet":{"background-color":"var(--ast-global-color-5)","background-image":"","background-repeat":"repeat","background-position":"center center","background-size":"auto","background-attachment":"scroll","background-type":"","background-media":"","overlay-type":"","overlay-color":"","overlay-opacity":"","overlay-gradient":""},"mobile":{"background-color":"var(--ast-global-color-5)","background-image":"","background-repeat":"repeat","background-position":"center center","background-size":"auto","background-attachment":"scroll","background-type":"","background-media":"","overlay-type":"","overlay-color":"","overlay-opacity":"","overlay-gradient":""}},"footnotes":""},"class_list":["post-3843","page","type-page","status-publish","hentry"],"_links":{"self":[{"href":"https:\/\/www.greenpedaltours.com\/es\/wp-json\/wp\/v2\/pages\/3843","targetHints":{"allow":["GET"]}}],"collection":[{"href":"https:\/\/www.greenpedaltours.com\/es\/wp-json\/wp\/v2\/pages"}],"about":[{"href":"https:\/\/www.greenpedaltours.com\/es\/wp-json\/wp\/v2\/types\/page"}],"author":[{"embeddable":true,"href":"https:\/\/www.greenpedaltours.com\/es\/wp-json\/wp\/v2\/users\/1"}],"replies":[{"embeddable":true,"href":"https:\/\/www.greenpedaltours.com\/es\/wp-json\/wp\/v2\/comments?post=3843"}],"version-history":[{"count":0,"href":"https:\/\/www.greenpedaltours.com\/es\/wp-json\/wp\/v2\/pages\/3843\/revisions"}],"wp:attachment":[{"href":"https:\/\/www.greenpedaltours.com\/es\/wp-json\/wp\/v2\/media?parent=3843"}],"curies":[{"name":"wp","href":"https:\/\/api.w.org\/{rel}","templated":true}]}}