{"id":4422,"date":"2022-03-22T22:12:27","date_gmt":"2022-03-23T03:12:27","guid":{"rendered":"https:\/\/www.greenpedaltours.com\/?page_id=4422"},"modified":"2022-09-30T23:55:05","modified_gmt":"2022-10-01T04:55:05","slug":"politica-de-privacidad","status":"publish","type":"page","link":"https:\/\/www.greenpedaltours.com\/es\/politica-de-privacidad\/","title":{"rendered":"Pol\u00edtica de privacidad"},"content":{"rendered":"\t\t<div data-elementor-type=\"wp-page\" data-elementor-id=\"4422\" class=\"elementor elementor-4422\">\n\t\t\t\t\t\t<section class=\"elementor-section elementor-top-section elementor-element elementor-element-30614209 elementor-section-boxed elementor-section-height-default elementor-section-height-default\" data-id=\"30614209\" data-element_type=\"section\" data-e-type=\"section\" data-settings=\"{&quot;background_background&quot;:&quot;classic&quot;}\">\n\t\t\t\t\t\t\t<div class=\"elementor-background-overlay\"><\/div>\n\t\t\t\t\t\t\t<div class=\"elementor-container elementor-column-gap-default\">\n\t\t\t\t\t<div class=\"elementor-column elementor-col-100 elementor-top-column elementor-element elementor-element-4553f62f\" data-id=\"4553f62f\" data-element_type=\"column\" data-e-type=\"column\">\n\t\t\t<div class=\"elementor-widget-wrap elementor-element-populated\">\n\t\t\t\t\t\t<div class=\"elementor-element elementor-element-494e16fd elementor-invisible elementor-widget elementor-widget-heading\" data-id=\"494e16fd\" data-element_type=\"widget\" data-e-type=\"widget\" data-settings=\"{&quot;_animation&quot;:&quot;fadeIn&quot;}\" data-widget_type=\"heading.default\">\n\t\t\t\t<div class=\"elementor-widget-container\">\n\t\t\t\t\t<h2 class=\"elementor-heading-title elementor-size-default\">Protegemos su privacidad y sus datos personales<\/h2>\t\t\t\t<\/div>\n\t\t\t\t<\/div>\n\t\t\t\t<div class=\"elementor-element elementor-element-6d177a9 elementor-widget-divider--view-line elementor-invisible elementor-widget elementor-widget-divider\" data-id=\"6d177a9\" data-element_type=\"widget\" data-e-type=\"widget\" data-settings=\"{&quot;_animation&quot;:&quot;fadeIn&quot;,&quot;_animation_delay&quot;:100}\" data-widget_type=\"divider.default\">\n\t\t\t\t<div class=\"elementor-widget-container\">\n\t\t\t\t\t\t\t<div class=\"elementor-divider\">\n\t\t\t<span class=\"elementor-divider-separator\">\n\t\t\t\t\t\t<\/span>\n\t\t<\/div>\n\t\t\t\t\t\t<\/div>\n\t\t\t\t<\/div>\n\t\t\t\t<div class=\"elementor-element elementor-element-39efd253 animated-fast elementor-invisible elementor-widget elementor-widget-heading\" data-id=\"39efd253\" data-element_type=\"widget\" data-e-type=\"widget\" data-settings=\"{&quot;_animation&quot;:&quot;fadeInUp&quot;}\" data-widget_type=\"heading.default\">\n\t\t\t\t<div class=\"elementor-widget-container\">\n\t\t\t\t\t<h1 class=\"elementor-heading-title elementor-size-default\">Pol\u00edtica de Privacidad<\/h1>\t\t\t\t<\/div>\n\t\t\t\t<\/div>\n\t\t\t\t\t<\/div>\n\t\t<\/div>\n\t\t\t\t\t<\/div>\n\t\t<\/section>\n\t\t\t\t<section class=\"elementor-section elementor-top-section elementor-element elementor-element-28b40cf9 elementor-section-content-middle elementor-section-boxed elementor-section-height-default elementor-section-height-default\" data-id=\"28b40cf9\" data-element_type=\"section\" data-e-type=\"section\">\n\t\t\t\t\t\t<div class=\"elementor-container elementor-column-gap-no\">\n\t\t\t\t\t<div class=\"elementor-column elementor-col-100 elementor-top-column elementor-element elementor-element-2ceb3b64\" data-id=\"2ceb3b64\" data-element_type=\"column\" data-e-type=\"column\">\n\t\t\t<div class=\"elementor-widget-wrap elementor-element-populated\">\n\t\t\t\t\t\t<div class=\"elementor-element elementor-element-5c928662 elementor-widget elementor-widget-text-editor\" data-id=\"5c928662\" data-element_type=\"widget\" data-e-type=\"widget\" data-widget_type=\"text-editor.default\">\n\t\t\t\t<div class=\"elementor-widget-container\">\n\t\t\t\t\t\t\t\t\t<p><strong>Qui\u00e9nes somos:<\/strong><\/p>\n<p>La direcci\u00f3n de nuestro sitio web es: <strong>https:\/\/www.greenpedaltours.com<\/strong><\/p>\n<p><strong>Green Pedal Tours<\/strong> es propiedad de <strong>Green Pedal Tours<\/strong> y est\u00e1 organizado por ella, con oficinas en Medell\u00edn, Colombia.<br \/>Esta pol\u00edtica de privacidad explica c\u00f3mo utilizamos cualquier informaci\u00f3n personal que recopilamos sobre usted cuando utiliza este sitio web.<\/p>\n<p>Qu\u00e9 datos personales recogemos y por qu\u00e9 lo hacemos:<\/p>\n<p><strong>Formulario de contacto:<\/strong><\/p>\n<p>Cuando usted rellena uno de nuestros formularios de contacto, recogemos su nombre y su direcci\u00f3n de correo electr\u00f3nico.<br \/>Utilizamos su direcci\u00f3n de correo electr\u00f3nico para ponernos en contacto con usted y darle respuestas tras el env\u00edo del formulario. No vendemos esta informaci\u00f3n de contacto a terceros.<br \/>Esta informaci\u00f3n se almacena en una base de datos interna.<br \/>Si desea acceder a la informaci\u00f3n o que se eliminen sus datos, p\u00f3ngase en contacto con nosotros a trav\u00e9s de los siguientes datos.<\/p>\n<p><strong>Formulario de inscripci\u00f3n a un evento:<\/strong><\/p>\n<p>Cuando usted rellena uno de nuestros formularios de inscripci\u00f3n a un evento, recogemos su nombre, direcci\u00f3n de correo electr\u00f3nico, n\u00famero de tel\u00e9fono e informaci\u00f3n de contactos de emergencia.<br \/>Utilizamos esta informaci\u00f3n para validar su inscripci\u00f3n en el evento, y para tener toda la informaci\u00f3n legal necesaria para su participaci\u00f3n. No vendemos ninguna de estas informaciones de contacto a terceros.<br \/>Esta informaci\u00f3n se almacena en una base de datos interna.<br \/>Si desea acceder a la informaci\u00f3n o que se elimine su informaci\u00f3n, p\u00f3ngase en contacto con nosotros a trav\u00e9s de los datos que figuran a continuaci\u00f3n.<\/p>\n<p><strong>Cookies:<\/strong><\/p>\n<p>Las cookies son archivos de texto que se colocan en su ordenador para recoger informaci\u00f3n est\u00e1ndar de registro de Internet e informaci\u00f3n sobre el comportamiento de los visitantes. Esta informaci\u00f3n se utiliza para hacer un seguimiento del uso del sitio web por parte de los visitantes y para elaborar informes estad\u00edsticos sobre la actividad del sitio web.<br \/>Para m\u00e1s informaci\u00f3n, visite www.aboutcookies.org o www.allaboutcookies.org.<br \/>Puede configurar su navegador para que no acepte cookies y los sitios web mencionados anteriormente le indican c\u00f3mo eliminar las cookies de su navegador. Sin embargo, en algunos casos algunas de las caracter\u00edsticas de nuestro sitio web pueden no funcionar como resultado.<\/p>\n<p><strong>Otros sitios web:<\/strong><\/p>\n<p>Nuestro sitio web contiene enlaces a otros sitios web. Esta pol\u00edtica de privacidad s\u00f3lo se aplica a este sitio web, por lo que cuando se enlaza a otros sitios web debe leer sus propias pol\u00edticas de privacidad.<\/p>\n<p><strong>Contenido incrustado de otros sitios web:<\/strong><\/p>\n<p>Estos sitios web pueden recopilar datos sobre usted, utilizar cookies, incrustar un seguimiento adicional de terceros y supervisar su interacci\u00f3n con ese contenido incrustado, incluido el seguimiento de su interacci\u00f3n con el contenido incrustado si tiene una cuenta y ha iniciado sesi\u00f3n en ese sitio web.<\/p>\n<p><strong>1. WPML:<\/strong><\/p>\n<p>WPML utiliza cookies para identificar el idioma actual del visitante, el \u00faltimo idioma visitado y el idioma de los usuarios que han iniciado sesi\u00f3n.<br \/>Mientras se utiliza el plugin, WPML compartir\u00e1 los datos relativos al sitio a trav\u00e9s del instalador. No se compartir\u00e1n datos del propio usuario.<\/p>\n<p><strong>2. Woocomerce:<\/strong><\/p>\n<p>Recogemos informaci\u00f3n sobre usted durante el proceso de compra en nuestra tienda.<br \/>Lo que recogemos y almacenamos:<br \/>Mientras visitas nuestra web, haremos un seguimiento:<br \/>Productos que has visto: lo utilizaremos para, por ejemplo, mostrarte los productos que has visto recientemente<br \/>Ubicaci\u00f3n, direcci\u00f3n IP y tipo de navegador: lo utilizaremos para fines como la estimaci\u00f3n de impuestos y env\u00edos<br \/>Direcci\u00f3n de env\u00edo: te pediremos que la introduzcas para poder, por ejemplo, estimar los gastos de env\u00edo antes de que hagas un pedido y envi\u00e1rtelo.<br \/>Tambi\u00e9n utilizamos cookies para hacer un seguimiento del contenido del carrito mientras navega por nuestro sitio.<br \/>Cuando nos compre, le pediremos que nos proporcione informaci\u00f3n como su nombre, direcci\u00f3n de facturaci\u00f3n, direcci\u00f3n de env\u00edo, direcci\u00f3n de correo electr\u00f3nico, n\u00famero de tel\u00e9fono, datos de la tarjeta de cr\u00e9dito\/pago e informaci\u00f3n opcional de la cuenta, como el nombre de usuario y la contrase\u00f1a.<\/p>\n<p><strong>Utilizaremos esta informaci\u00f3n para fines tales como,<\/strong><\/p>\n<p>Enviarle informaci\u00f3n sobre su cuenta y su pedido<br \/>Responder a sus solicitudes, incluyendo reembolsos y reclamaciones<br \/>Procesar los pagos y prevenir el fraude<br \/>Configurar su cuenta en nuestra tienda<br \/>Cumplir con cualquier obligaci\u00f3n legal que tengamos, como el c\u00e1lculo de impuestos<br \/>Mejorar la oferta de nuestra tienda<br \/>Enviarle mensajes de marketing, si decide recibirlos<br \/>Si crea una cuenta, almacenaremos su nombre, direcci\u00f3n, correo electr\u00f3nico y n\u00famero de tel\u00e9fono, que se utilizar\u00e1n para rellenar la caja en futuros pedidos.<br \/>Por lo general, almacenamos la informaci\u00f3n sobre usted mientras la necesitemos para los fines para los que la recopilamos y utilizamos, y no estamos obligados legalmente a seguir conserv\u00e1ndola. Por ejemplo, almacenaremos la informaci\u00f3n de los pedidos durante 2 a\u00f1os con fines fiscales y contables. Esto incluye su nombre, direcci\u00f3n de correo electr\u00f3nico y direcciones de facturaci\u00f3n y env\u00edo.<\/p>\n<p>Tambi\u00e9n almacenaremos los comentarios o las rese\u00f1as, si decide dejarlos.<\/p>\n<p><strong>3.\u00a0 Mail Poet Newsletter &amp; emails<\/strong><\/p>\n<div id=\"privacy-settings-accordion-block-mailpoet\" class=\"privacy-settings-accordion-panel privacy-text-box-body hide-privacy-policy-tutorial\">\n<p>If you have subscribed to our newsletter or if you are a member of our website (you can log in) or if you have purchased on our website, there is a good chance you will receive emails from us.<\/p>\n<p>We will only send you emails which you have signed up to receive, or which pertain to the services we provided to you.<\/p>\n<p>To send you emails, we use the name and email address you provide us. Our site also logs the IP address you used when you signed up for the service to prevent abuse of the system.<\/p>\n<p>This website can send emails through the <a href=\"https:\/\/www.mailpoet.com\/privacy-notice\/\" target=\"_blank\" rel=\"noopener\">MailPoet sending service<\/a>. This service allows us to track opens and clicks on our emails. We use this information to improve the content of our newsletters.<\/p>\n<p>No identifiable information is otherwise tracked outside this website except for the email address.<\/p>\n<p>MailPoet creates and stores two cookies if you are using WooCommerce and MailPoet together. Those cookies are:<\/p>\n<p>Cookie name: mailpoet_revenue_tracking<br \/>Cookie expiry: 14 days.<br \/>Cookie description: The purpose of this cookie is to track which newsletter sent from your website has acquired a click-through and a subsequent purchase in your WooCommerce store.<\/p>\n<p>Cookie name: mailpoet_abandoned_cart_tracking<br \/>Cookie expiry: 3,650 days.<br \/>Cookie description: The purpose of this cookie is to track a user that has abandoned their cart in your WooCommerce store to then be able to send them an abandoned cart newsletter from MailPoet.<br \/><br \/>Note: User must be opted-in and a confirmed subscriber.<\/p>\n<p><strong>4. WP Mail Logging<\/strong><\/p>\n<div id=\"privacy-settings-accordion-block-wp-mail-logging\" class=\"privacy-settings-accordion-panel privacy-text-box-body hide-privacy-policy-tutorial\">\n<p>When you use this site several actions (e.g. commenting) trigger the dispatch of emails. They contain information about you associated with your email address. Which data are part of these emails depends on the action performed. These emails are stored and accessible to the site management as log.<\/p>\n<\/div>\n<\/div>\n<p><strong>Qui\u00e9n de nuestro equipo tiene acceso:<\/strong><\/p>\n<p>Los miembros de nuestro equipo tienen acceso a la informaci\u00f3n que usted nos proporciona. Por ejemplo, tanto los administradores como los gestores de la tienda pueden acceder:<\/p>\n<p>La informaci\u00f3n del pedido, como lo que se compr\u00f3, cu\u00e1ndo se compr\u00f3 y a d\u00f3nde debe enviarse, y<br \/>Informaci\u00f3n del cliente como su nombre, direcci\u00f3n de correo electr\u00f3nico e informaci\u00f3n de facturaci\u00f3n y env\u00edo.<br \/>Los miembros de nuestro equipo tienen acceso a esta informaci\u00f3n para ayudar a cumplir con los pedidos, procesar los reembolsos y apoyarte.<\/p>\n<p><strong>Lo que compartimos con otros:<\/strong><\/p>\n<p>Compartimos informaci\u00f3n con terceros que nos ayudan a proporcionarle nuestros servicios de pedidos y de tienda; por ejemplo:<\/p>\n<p>Pagos: Aceptamos pagos a trav\u00e9s de PayPal. Al procesar los pagos, algunos de sus datos se transmitir\u00e1n a PayPal, incluida la informaci\u00f3n necesaria para procesar o apoyar el pago, como el total de la compra y la informaci\u00f3n de facturaci\u00f3n. Por favor, consulte la Pol\u00edtica de Privacidad de PayPal para m\u00e1s detalles.<\/p>\n<p><strong>C\u00f3mo ponerse en contacto con nosotros:<\/strong><\/p>\n<p>Si tiene alguna pregunta o desea que se modifique, rectifique o elimine alguno de sus datos, env\u00ede un correo electr\u00f3nico a nuestro responsable del tratamiento en greenpedaltours@gmail.com<\/p>\n<p><strong>Cambios en nuestra pol\u00edtica de privacidad:<\/strong><\/p>\n<p>Podemos actualizar estas pol\u00edticas de privacidad en cualquier momento seg\u00fan lo requiera la normativa.<\/p>\n<p><\/p>\t\t\t\t\t\t\t\t<\/div>\n\t\t\t\t<\/div>\n\t\t\t\t\t<\/div>\n\t\t<\/div>\n\t\t\t\t\t<\/div>\n\t\t<\/section>\n\t\t\t\t<\/div>\n\t\t","protected":false},"excerpt":{"rendered":"<p>Protegemos su privacidad y sus datos personales Pol\u00edtica de Privacidad Qui\u00e9nes somos: La direcci\u00f3n de nuestro sitio web es: https:\/\/www.greenpedaltours.com Green Pedal Tours es propiedad de Green Pedal Tours y est\u00e1 organizado por ella, con oficinas en Medell\u00edn, Colombia.Esta pol\u00edtica de privacidad explica c\u00f3mo utilizamos cualquier informaci\u00f3n personal que recopilamos sobre usted cuando utiliza este [&hellip;]<\/p>\n","protected":false},"author":1,"featured_media":0,"parent":0,"menu_order":0,"comment_status":"closed","ping_status":"closed","template":"","meta":{"site-sidebar-layout":"default","site-content-layout":"page-builder","ast-site-content-layout":"default","site-content-style":"default","site-sidebar-style":"default","ast-global-header-display":"","ast-banner-title-visibility":"","ast-main-header-display":"","ast-hfb-above-header-display":"","ast-hfb-below-header-display":"","ast-hfb-mobile-header-display":"","site-post-title":"disabled","ast-breadcrumbs-content":"","ast-featured-img":"","footer-sml-layout":"","ast-disable-related-posts":"","theme-transparent-header-meta":"","adv-header-id-meta":"","stick-header-meta":"","header-above-stick-meta":"","header-main-stick-meta":"","header-below-stick-meta":"","astra-migrate-meta-layouts":"default","ast-page-background-enabled":"default","ast-page-background-meta":{"desktop":{"background-color":"","background-image":"","background-repeat":"repeat","background-position":"center center","background-size":"auto","background-attachment":"scroll","background-type":"","background-media":"","overlay-type":"","overlay-color":"","overlay-opacity":"","overlay-gradient":""},"tablet":{"background-color":"","background-image":"","background-repeat":"repeat","background-position":"center center","background-size":"auto","background-attachment":"scroll","background-type":"","background-media":"","overlay-type":"","overlay-color":"","overlay-opacity":"","overlay-gradient":""},"mobile":{"background-color":"","background-image":"","background-repeat":"repeat","background-position":"center center","background-size":"auto","background-attachment":"scroll","background-type":"","background-media":"","overlay-type":"","overlay-color":"","overlay-opacity":"","overlay-gradient":""}},"ast-content-background-meta":{"desktop":{"background-color":"var(--ast-global-color-5)","background-image":"","background-repeat":"repeat","background-position":"center center","background-size":"auto","background-attachment":"scroll","background-type":"","background-media":"","overlay-type":"","overlay-color":"","overlay-opacity":"","overlay-gradient":""},"tablet":{"background-color":"var(--ast-global-color-5)","background-image":"","background-repeat":"repeat","background-position":"center center","background-size":"auto","background-attachment":"scroll","background-type":"","background-media":"","overlay-type":"","overlay-color":"","overlay-opacity":"","overlay-gradient":""},"mobile":{"background-color":"var(--ast-global-color-5)","background-image":"","background-repeat":"repeat","background-position":"center center","background-size":"auto","background-attachment":"scroll","background-type":"","background-media":"","overlay-type":"","overlay-color":"","overlay-opacity":"","overlay-gradient":""}},"footnotes":""},"class_list":["post-4422","page","type-page","status-publish","hentry"],"_links":{"self":[{"href":"https:\/\/www.greenpedaltours.com\/es\/wp-json\/wp\/v2\/pages\/4422","targetHints":{"allow":["GET"]}}],"collection":[{"href":"https:\/\/www.greenpedaltours.com\/es\/wp-json\/wp\/v2\/pages"}],"about":[{"href":"https:\/\/www.greenpedaltours.com\/es\/wp-json\/wp\/v2\/types\/page"}],"author":[{"embeddable":true,"href":"https:\/\/www.greenpedaltours.com\/es\/wp-json\/wp\/v2\/users\/1"}],"replies":[{"embeddable":true,"href":"https:\/\/www.greenpedaltours.com\/es\/wp-json\/wp\/v2\/comments?post=4422"}],"version-history":[{"count":0,"href":"https:\/\/www.greenpedaltours.com\/es\/wp-json\/wp\/v2\/pages\/4422\/revisions"}],"wp:attachment":[{"href":"https:\/\/www.greenpedaltours.com\/es\/wp-json\/wp\/v2\/media?parent=4422"}],"curies":[{"name":"wp","href":"https:\/\/api.w.org\/{rel}","templated":true}]}}