{"id":4334,"date":"2022-07-24T13:52:25","date_gmt":"2022-07-24T18:52:25","guid":{"rendered":"https:\/\/www.greenpedaltours.com\/?page_id=4334"},"modified":"2022-09-30T23:41:48","modified_gmt":"2022-10-01T04:41:48","slug":"termes-et-conditions","status":"publish","type":"page","link":"https:\/\/www.greenpedaltours.com\/fr\/termes-et-conditions\/","title":{"rendered":"Termes et conditions"},"content":{"rendered":"\t\t<div data-elementor-type=\"wp-page\" data-elementor-id=\"4334\" class=\"elementor elementor-4334\">\n\t\t\t\t\t\t<section class=\"elementor-section elementor-top-section elementor-element elementor-element-699ddc20 elementor-section-boxed elementor-section-height-default elementor-section-height-default\" data-id=\"699ddc20\" data-element_type=\"section\" data-e-type=\"section\" data-settings=\"{&quot;background_background&quot;:&quot;classic&quot;}\">\n\t\t\t\t\t\t\t<div class=\"elementor-background-overlay\"><\/div>\n\t\t\t\t\t\t\t<div class=\"elementor-container elementor-column-gap-default\">\n\t\t\t\t\t<div class=\"elementor-column elementor-col-100 elementor-top-column elementor-element elementor-element-62a60e9d\" data-id=\"62a60e9d\" data-element_type=\"column\" data-e-type=\"column\">\n\t\t\t<div class=\"elementor-widget-wrap elementor-element-populated\">\n\t\t\t\t\t\t<div class=\"elementor-element elementor-element-5b418efe animated-fast elementor-invisible elementor-widget elementor-widget-heading\" data-id=\"5b418efe\" data-element_type=\"widget\" data-e-type=\"widget\" data-settings=\"{&quot;_animation&quot;:&quot;fadeInUp&quot;}\" data-widget_type=\"heading.default\">\n\t\t\t\t<div class=\"elementor-widget-container\">\n\t\t\t\t\t<h1 class=\"elementor-heading-title elementor-size-default\">Conditions g\u00e9n\u00e9rales<\/h1>\t\t\t\t<\/div>\n\t\t\t\t<\/div>\n\t\t\t\t<div class=\"elementor-element elementor-element-79e4b428 elementor-widget-divider--view-line elementor-invisible elementor-widget elementor-widget-divider\" data-id=\"79e4b428\" data-element_type=\"widget\" data-e-type=\"widget\" data-settings=\"{&quot;_animation&quot;:&quot;fadeIn&quot;,&quot;_animation_delay&quot;:100}\" data-widget_type=\"divider.default\">\n\t\t\t\t<div class=\"elementor-widget-container\">\n\t\t\t\t\t\t\t<div class=\"elementor-divider\">\n\t\t\t<span class=\"elementor-divider-separator\">\n\t\t\t\t\t\t<\/span>\n\t\t<\/div>\n\t\t\t\t\t\t<\/div>\n\t\t\t\t<\/div>\n\t\t\t\t<div class=\"elementor-element elementor-element-fee42e2 elementor-invisible elementor-widget elementor-widget-heading\" data-id=\"fee42e2\" data-element_type=\"widget\" data-e-type=\"widget\" data-settings=\"{&quot;_animation&quot;:&quot;fadeIn&quot;}\" data-widget_type=\"heading.default\">\n\t\t\t\t<div class=\"elementor-widget-container\">\n\t\t\t\t\t<h2 class=\"elementor-heading-title elementor-size-default\">\u00c0 prendre en compte<\/h2>\t\t\t\t<\/div>\n\t\t\t\t<\/div>\n\t\t\t\t\t<\/div>\n\t\t<\/div>\n\t\t\t\t\t<\/div>\n\t\t<\/section>\n\t\t\t\t<section class=\"elementor-section elementor-top-section elementor-element elementor-element-708aa25 elementor-section-content-middle elementor-section-boxed elementor-section-height-default elementor-section-height-default\" data-id=\"708aa25\" data-element_type=\"section\" data-e-type=\"section\">\n\t\t\t\t\t\t<div class=\"elementor-container elementor-column-gap-no\">\n\t\t\t\t\t<div class=\"elementor-column elementor-col-100 elementor-top-column elementor-element elementor-element-3943f45\" data-id=\"3943f45\" data-element_type=\"column\" data-e-type=\"column\">\n\t\t\t<div class=\"elementor-widget-wrap elementor-element-populated\">\n\t\t\t\t\t\t<div class=\"elementor-element elementor-element-49f985e3 elementor-widget elementor-widget-text-editor\" data-id=\"49f985e3\" data-element_type=\"widget\" data-e-type=\"widget\" data-widget_type=\"text-editor.default\">\n\t\t\t\t<div class=\"elementor-widget-container\">\n\t\t\t\t\t\t\t\t\t<p><strong>Introduction Green Pedal Tours<\/strong><\/p><p>Toutes les r\u00e9servations sont effectu\u00e9es conform\u00e9ment aux conditions \u00e9nonc\u00e9es ci-dessous.<\/p><p>La participation \u00e0 un voyage est soumise \u00e0 certaines lois et r\u00e9glementations. Par cons\u00e9quent, vous devriez signer un contrat de voyage avec Green Pedal Tours. Tous les termes et conditions essentiels d&rsquo;un tel contrat de voyage vous sont indiqu\u00e9s ci-dessous. Veuillez les lire attentivement.<\/p><p><strong>R\u00e9servation et paiement<\/strong><\/p><p>Apr\u00e8s avoir choisi le voyage auquel vous souhaitez participer, veuillez nous contacter pour v\u00e9rifier sa disponibilit\u00e9.<br \/>Pour r\u00e9server votre voyage, nous demandons un acompte de 200 USD par personne.\u00a0 (Pour l&rsquo;excursion d&rsquo;une journ\u00e9e\u00a0: <em>\u00ab\u00a0Medell\u00edn Apus Nutabe\u00a0\u00bb<\/em>, nous demandons un acompte de 15\u00a0USD par personne).<\/p><p>Apr\u00e8s avoir re\u00e7u le paiement de votre r\u00e9servation, nous vous contacterons pour fixer la date de l&rsquo;excursion.<\/p><p><strong>La valeur<\/strong> de la r\u00e9servation que vous avez pay\u00e9e sera d\u00e9duite de la valeur totale du voyage.<\/p><p><strong>Le solde<\/strong> sera pay\u00e9 en deux versements :\u00a0 Un versement \u00e0 effectuer 15 jours avant la date du voyage, et un autre versement \u00e0 effectuer \u00e0 l&rsquo;arriv\u00e9e dans le pays lors de notre premi\u00e8re rencontre personnelle. Nous vous enverrons un lien de paiement pour le premier versement.<\/p><p><strong>Les dates<\/strong> des circuits sont flexibles, elles peuvent \u00eatre adapt\u00e9es \u00e0 vos besoins et \u00e0 la disponibilit\u00e9 dont nous disposons au moment o\u00f9 vous souhaitez voyager.<\/p><p>Si vous avez des questions, veuillez nous contacter directement sur WhatsApp <strong>(+57) 314 312 2988<\/strong> et nous serons heureux de vous vous accompagner dans le processus de s\u00e9lection des circuits, des dates et du paiement ; nous voulons faciliter votre participation \u00e0 nos circuits.<\/p><p><strong>Pr\u00e9cision<\/strong><\/p><p>Nous nous effor\u00e7ons de veiller \u00e0 ce que toutes les informations et tous les prix figurant sur notre site web soient exacts ; toutefois, des changements et des erreurs peuvent survenir occasionnellement et nous nous r\u00e9servons le droit de corriger les prix et d&rsquo;autres d\u00e9tails en fonction des circonstances.<\/p><p>Les pr\u00e9sentes conditions de r\u00e9servation et tout accord auquel elles s&rsquo;appliquent sont r\u00e9gis \u00e0 tous \u00e9gards par la loi colombienne. Nous convenons tout litige, r\u00e9clamation ou autre question survenant entre nous en rapport avec votre contrat ou votre r\u00e9servation sera trait\u00e9 uniquement par les tribunaux colombiens.<\/p><p><strong>Assurance<\/strong><\/p><p>Les participants sont tenus de souscrire une assurance voyage ad\u00e9quate couvrant les accidents, les dommages corporels, la perte de bagages. <strong>Green Pedal Tours<\/strong> n&rsquo;est pas responsable des dommages corporels, des d\u00e9c\u00e8s, des dommages mat\u00e9riels ou de toute autre perte r\u00e9sultant d&rsquo;un accident, d&rsquo;un retard ou de tout autre \u00e9l\u00e9ment ind\u00e9pendant de notre volont\u00e9. Votre assurance doit \u00e9galement vous couvrir pour les activit\u00e9s cyclistes et les risques associ\u00e9s. Si vous d\u00e9cidez de voyager sans une couverture d&rsquo;assurance ad\u00e9quate, nous ne serons pas responsables des pertes survenant, pour lesquelles une couverture d&rsquo;assurance aurait \u00e9t\u00e9 disponible.<\/p><p><strong>Raccourcissement de vos vacances<\/strong><\/p><p>Si vous \u00eates contraint de rentrer chez vous plus t\u00f4t que pr\u00e9vu, nous ne pourrons pas vous rembourser le co\u00fbt des services non utilis\u00e9s. Si vous \u00e9courtez vos vacances et rentrez chez vous plus t\u00f4t que pr\u00e9vu dans des circonstances o\u00f9 vous n&rsquo;avez aucune raison raisonnable de vous plaindre du niveau de l&rsquo;h\u00e9bergement et des services fournis, nous ne vous offrirons pas de remboursement pour la partie de vos vacances que vous n&rsquo;avez pas termin\u00e9e, et nous ne serons pas responsables des co\u00fbts associ\u00e9s que vous pourriez encourir. Selon les circonstances, votre assurance voyage peut offrir une couverture pour la r\u00e9duction et nous sugg\u00e9rons que toute r\u00e9clamation soit faite directement aupr\u00e8s d&rsquo;elle.<\/p><p><strong>Modifications apport\u00e9es par vous<\/strong><\/p><p>Si vous souhaitez modifier une partie de votre r\u00e9servation apr\u00e8s l&rsquo;\u00e9mission de notre facture de confirmation, vous devez nous en informer par \u00e9crit d\u00e8s que possible. Cela doit \u00eatre fait par la premi\u00e8re personne nomm\u00e9e sur la r\u00e9servation.<br \/>Si nous ne sommes pas en mesure de vous aider et que vous ne souhaitez pas poursuivre la r\u00e9servation initiale, nous consid\u00e9rerons qu&rsquo;il s&rsquo;agit d&rsquo;une annulation de votre part. Des frais d&rsquo;annulation peuvent \u00eatre exig\u00e9s. Si vous ne pouvez pas voyager, vous pouvez transf\u00e9rer votre r\u00e9servation \u00e0 une autre personne appropri\u00e9e, \u00e0 condition d&rsquo;en \u00eatre inform\u00e9 par \u00e9crit.<\/p><p><strong>Politique d&rsquo;annulation<\/strong><\/p><p>Si vous ou tout autre membre de votre groupe d\u00e9cidez d&rsquo;annuler votre r\u00e9servation confirm\u00e9e, vous devez nous en informer par \u00e9crit.\u00a0 \u00c9tant donn\u00e9 que l&rsquo;annulation de vos arrangements entra\u00eene des frais, vous devrez payer ce qui suit :<\/p><p>Une fois le d\u00e9p\u00f4t de paiement de la r\u00e9servation effectu\u00e9 et si l&rsquo;excursion est annul\u00e9e, Green Pedal Tours conservera 10 % de cette valeur pour couvrir les frais administratifs. Si l&rsquo;annulation est faite apr\u00e8s le paiement de 50% du co\u00fbt du tour, Green Pedal Tours retiendra 20% de la valeur pay\u00e9e pour couvrir les co\u00fbts d\u00e9riv\u00e9s.<\/p><p><strong>Si nous modifions ou annulons<\/strong><\/p><p>La plupart des modifications seront mineures et, bien que nous ferons de notre mieux pour vous informer de tout changement d\u00e8s que raisonnablement possible s&rsquo;il reste du temps avant votre d\u00e9part, nous n&rsquo;aurons aucune autre responsabilit\u00e9 envers vous.<\/p><p>Voici des exemples de \u00ab\u00a0modifications mineures\u00a0\u00bb, lorsqu&rsquo;elles sont effectu\u00e9es avant le d\u00e9part :<\/p><p>Un changement de l&rsquo;heure de d\u00e9part ou de la dur\u00e9e totale de vos vacances de douze heures ou moins.<br \/>Un changement de logement pour un autre du m\u00eame niveau ou de la m\u00eame classification.<\/p><p>Il peut arriver que nous devions apporter un changement majeur \u00e0 vos arrangements confirm\u00e9s.<br \/>Voici des exemples de \u00ab\u00a0changements majeurs\u00a0\u00bb, lorsqu&rsquo;ils sont effectu\u00e9s avant le d\u00e9part ;<\/p><p>Un changement de lieu d&rsquo;h\u00e9bergement pendant la totalit\u00e9 ou une partie importante de votre temps libre.<br \/>Un changement d&rsquo;h\u00e9bergement vers un niveau ou une classification inf\u00e9rieure pendant la totalit\u00e9 ou une partie importante de votre temps libre.<br \/>Un changement de l&rsquo;heure de d\u00e9part ou de la dur\u00e9e totale de vos arrangements de douze heures ou plus.<br \/>Une modification importante de votre itin\u00e9raire, qui vous fait manquer compl\u00e8tement une ou plusieurs destinations.<\/p><p>Si nous devons proc\u00e9der \u00e0 une modification importante ou \u00e0 une annulation, nous vous en informerons dans les meilleurs d\u00e9lais.<\/p><p><strong>Demandes sp\u00e9ciales<\/strong><\/p><p>Vous devez nous faire part de toute demande sp\u00e9ciale au moment de la r\u00e9servation, par exemple un r\u00e9gime alimentaire ou une installation particuli\u00e8re dans un h\u00f4tel, etc. Vous devez ensuite confirmer vos demandes par \u00e9crit.<\/p>\t\t\t\t\t\t\t\t<\/div>\n\t\t\t\t<\/div>\n\t\t\t\t\t<\/div>\n\t\t<\/div>\n\t\t\t\t\t<\/div>\n\t\t<\/section>\n\t\t\t\t<section class=\"elementor-section elementor-top-section elementor-element elementor-element-116fa2c9 elementor-section-boxed elementor-section-height-default elementor-section-height-default\" data-id=\"116fa2c9\" data-element_type=\"section\" data-e-type=\"section\" data-settings=\"{&quot;background_background&quot;:&quot;classic&quot;}\">\n\t\t\t\t\t\t\t<div class=\"elementor-background-overlay\"><\/div>\n\t\t\t\t\t\t\t<div class=\"elementor-container elementor-column-gap-default\">\n\t\t\t\t\t<div class=\"elementor-column elementor-col-100 elementor-top-column elementor-element elementor-element-c9262b4\" data-id=\"c9262b4\" data-element_type=\"column\" data-e-type=\"column\">\n\t\t\t<div class=\"elementor-widget-wrap elementor-element-populated\">\n\t\t\t\t\t\t<div class=\"elementor-element elementor-element-1ec18e24 elementor-invisible elementor-widget elementor-widget-heading\" data-id=\"1ec18e24\" data-element_type=\"widget\" data-e-type=\"widget\" data-settings=\"{&quot;_animation&quot;:&quot;fadeIn&quot;}\" data-widget_type=\"heading.default\">\n\t\t\t\t<div class=\"elementor-widget-container\">\n\t\t\t\t\t<h2 class=\"elementor-heading-title elementor-size-default\"><a href=\"https:\/\/www.greenpedaltours.com\/faq\/\">Tout ce que vous devez savoir avant de partir<\/a><\/h2>\t\t\t\t<\/div>\n\t\t\t\t<\/div>\n\t\t\t\t<div class=\"elementor-element elementor-element-77d82130 elementor-widget-divider--view-line elementor-invisible elementor-widget elementor-widget-divider\" data-id=\"77d82130\" data-element_type=\"widget\" data-e-type=\"widget\" data-settings=\"{&quot;_animation&quot;:&quot;fadeIn&quot;,&quot;_animation_delay&quot;:100}\" data-widget_type=\"divider.default\">\n\t\t\t\t<div class=\"elementor-widget-container\">\n\t\t\t\t\t\t\t<div class=\"elementor-divider\">\n\t\t\t<span class=\"elementor-divider-separator\">\n\t\t\t\t\t\t<\/span>\n\t\t<\/div>\n\t\t\t\t\t\t<\/div>\n\t\t\t\t<\/div>\n\t\t\t\t<div class=\"elementor-element elementor-element-374f8ead elementor-align-center elementor-invisible elementor-widget elementor-widget-button\" data-id=\"374f8ead\" data-element_type=\"widget\" data-e-type=\"widget\" data-settings=\"{&quot;_animation&quot;:&quot;slideInLeft&quot;}\" data-widget_type=\"button.default\">\n\t\t\t\t<div class=\"elementor-widget-container\">\n\t\t\t\t\t\t\t\t\t<div class=\"elementor-button-wrapper\">\n\t\t\t\t\t<a class=\"elementor-button elementor-button-link elementor-size-sm\" href=\"https:\/\/www.greenpedaltours.com\/fr\/questions-frequentes\/\">\n\t\t\t\t\t\t<span class=\"elementor-button-content-wrapper\">\n\t\t\t\t\t\t\t\t\t<span class=\"elementor-button-text\">FAQs<\/span>\n\t\t\t\t\t<\/span>\n\t\t\t\t\t<\/a>\n\t\t\t\t<\/div>\n\t\t\t\t\t\t\t\t<\/div>\n\t\t\t\t<\/div>\n\t\t\t\t\t<\/div>\n\t\t<\/div>\n\t\t\t\t\t<\/div>\n\t\t<\/section>\n\t\t\t\t<\/div>\n\t\t","protected":false},"excerpt":{"rendered":"<p>Conditions g\u00e9n\u00e9rales \u00c0 prendre en compte Introduction Green Pedal Tours Toutes les r\u00e9servations sont effectu\u00e9es conform\u00e9ment aux conditions \u00e9nonc\u00e9es ci-dessous. La participation \u00e0 un voyage est soumise \u00e0 certaines lois et r\u00e9glementations. Par cons\u00e9quent, vous devriez signer un contrat de voyage avec Green Pedal Tours. Tous les termes et conditions essentiels d&rsquo;un tel contrat de [&hellip;]<\/p>\n","protected":false},"author":1,"featured_media":0,"parent":0,"menu_order":0,"comment_status":"closed","ping_status":"closed","template":"","meta":{"site-sidebar-layout":"no-sidebar","site-content-layout":"page-builder","ast-site-content-layout":"default","site-content-style":"default","site-sidebar-style":"default","ast-global-header-display":"","ast-banner-title-visibility":"","ast-main-header-display":"","ast-hfb-above-header-display":"","ast-hfb-below-header-display":"","ast-hfb-mobile-header-display":"","site-post-title":"disabled","ast-breadcrumbs-content":"","ast-featured-img":"disabled","footer-sml-layout":"","ast-disable-related-posts":"","theme-transparent-header-meta":"","adv-header-id-meta":"","stick-header-meta":"","header-above-stick-meta":"","header-main-stick-meta":"","header-below-stick-meta":"","astra-migrate-meta-layouts":"default","ast-page-background-enabled":"default","ast-page-background-meta":{"desktop":{"background-color":"","background-image":"","background-repeat":"repeat","background-position":"center center","background-size":"auto","background-attachment":"scroll","background-type":"","background-media":"","overlay-type":"","overlay-color":"","overlay-opacity":"","overlay-gradient":""},"tablet":{"background-color":"","background-image":"","background-repeat":"repeat","background-position":"center center","background-size":"auto","background-attachment":"scroll","background-type":"","background-media":"","overlay-type":"","overlay-color":"","overlay-opacity":"","overlay-gradient":""},"mobile":{"background-color":"","background-image":"","background-repeat":"repeat","background-position":"center center","background-size":"auto","background-attachment":"scroll","background-type":"","background-media":"","overlay-type":"","overlay-color":"","overlay-opacity":"","overlay-gradient":""}},"ast-content-background-meta":{"desktop":{"background-color":"var(--ast-global-color-5)","background-image":"","background-repeat":"repeat","background-position":"center center","background-size":"auto","background-attachment":"scroll","background-type":"","background-media":"","overlay-type":"","overlay-color":"","overlay-opacity":"","overlay-gradient":""},"tablet":{"background-color":"var(--ast-global-color-5)","background-image":"","background-repeat":"repeat","background-position":"center center","background-size":"auto","background-attachment":"scroll","background-type":"","background-media":"","overlay-type":"","overlay-color":"","overlay-opacity":"","overlay-gradient":""},"mobile":{"background-color":"var(--ast-global-color-5)","background-image":"","background-repeat":"repeat","background-position":"center center","background-size":"auto","background-attachment":"scroll","background-type":"","background-media":"","overlay-type":"","overlay-color":"","overlay-opacity":"","overlay-gradient":""}},"footnotes":""},"class_list":["post-4334","page","type-page","status-publish","hentry"],"_links":{"self":[{"href":"https:\/\/www.greenpedaltours.com\/fr\/wp-json\/wp\/v2\/pages\/4334","targetHints":{"allow":["GET"]}}],"collection":[{"href":"https:\/\/www.greenpedaltours.com\/fr\/wp-json\/wp\/v2\/pages"}],"about":[{"href":"https:\/\/www.greenpedaltours.com\/fr\/wp-json\/wp\/v2\/types\/page"}],"author":[{"embeddable":true,"href":"https:\/\/www.greenpedaltours.com\/fr\/wp-json\/wp\/v2\/users\/1"}],"replies":[{"embeddable":true,"href":"https:\/\/www.greenpedaltours.com\/fr\/wp-json\/wp\/v2\/comments?post=4334"}],"version-history":[{"count":0,"href":"https:\/\/www.greenpedaltours.com\/fr\/wp-json\/wp\/v2\/pages\/4334\/revisions"}],"wp:attachment":[{"href":"https:\/\/www.greenpedaltours.com\/fr\/wp-json\/wp\/v2\/media?parent=4334"}],"curies":[{"name":"wp","href":"https:\/\/api.w.org\/{rel}","templated":true}]}}